{"id":75,"date":"2026-01-08T10:52:38","date_gmt":"2026-01-08T10:52:38","guid":{"rendered":"https:\/\/agencesemantica.com\/?page_id=75"},"modified":"2026-02-17T14:15:28","modified_gmt":"2026-02-17T14:15:28","slug":"a-propos","status":"publish","type":"page","link":"https:\/\/agenceeuristica.com\/index.php\/a-propos\/","title":{"rendered":"Qui sommes-nous ?"},"content":{"rendered":"\t\t<div data-elementor-type=\"wp-page\" data-elementor-id=\"75\" class=\"elementor elementor-75\" data-elementor-post-type=\"page\">\n\t\t\t\t<div class=\"elementor-element elementor-element-d35525a e-flex e-con-boxed e-con e-parent\" data-id=\"d35525a\" data-element_type=\"container\" data-e-type=\"container\" data-settings=\"{&quot;background_background&quot;:&quot;classic&quot;,&quot;background_motion_fx_motion_fx_scrolling&quot;:&quot;yes&quot;,&quot;background_motion_fx_translateY_effect&quot;:&quot;yes&quot;,&quot;background_motion_fx_translateY_affectedRange&quot;:{&quot;unit&quot;:&quot;%&quot;,&quot;size&quot;:&quot;&quot;,&quot;sizes&quot;:{&quot;start&quot;:43,&quot;end&quot;:100}},&quot;background_motion_fx_translateY_speed&quot;:{&quot;unit&quot;:&quot;px&quot;,&quot;size&quot;:4,&quot;sizes&quot;:[]},&quot;background_motion_fx_devices&quot;:[&quot;desktop&quot;,&quot;tablet&quot;,&quot;mobile&quot;]}\">\n\t\t\t\t\t<div class=\"e-con-inner\">\n\t\t\t\t<div class=\"elementor-element elementor-element-d3b96b0 elementor-widget elementor-widget-heading\" data-id=\"d3b96b0\" data-element_type=\"widget\" data-e-type=\"widget\" data-widget_type=\"heading.default\">\n\t\t\t\t\t<h1 class=\"elementor-heading-title elementor-size-default\">Qui sommes-nous ?<\/h1>\t\t\t\t<\/div>\n\t\t\t\t\t<\/div>\n\t\t\t\t<\/div>\n\t\t<div class=\"elementor-element elementor-element-d6f7bb2 e-con-full e-grid e-con e-parent\" data-id=\"d6f7bb2\" data-element_type=\"container\" data-e-type=\"container\" data-settings=\"{&quot;background_background&quot;:&quot;classic&quot;}\">\n\t\t<div class=\"elementor-element elementor-element-427e7ab e-con-full e-flex e-con e-child\" data-id=\"427e7ab\" data-element_type=\"container\" data-e-type=\"container\">\n\t\t\t\t<div class=\"elementor-element elementor-element-11b4610 elementor-widget elementor-widget-heading\" data-id=\"11b4610\" data-element_type=\"widget\" data-e-type=\"widget\" data-widget_type=\"heading.default\">\n\t\t\t\t\t<h1 class=\"elementor-heading-title elementor-size-default\">Le cabinet<\/h1>\t\t\t\t<\/div>\n\t\t\t\t<div class=\"elementor-element elementor-element-b90b4fd elementor-widget elementor-widget-text-editor\" data-id=\"b90b4fd\" data-element_type=\"widget\" data-e-type=\"widget\" data-widget_type=\"text-editor.default\">\n\t\t\t\t\t\t\t\t\t<p class=\"p1\">Euristica est une offre de conseil de <a href=\"https:\/\/www.ligneasuivre.com\"><span class=\"s1\">Ligne \u00e0 Suivre<\/span><\/a>.<\/p><p class=\"p1\">Nous intervenons quand une organisation doit prendre une d\u00e9cision dans un contexte de contraintes : enjeux politiques, tensions internes, controverse publique, calendrier serr\u00e9, ressources limit\u00e9es.<\/p>\t\t\t\t\t\t\t\t<\/div>\n\t\t\t\t<div class=\"elementor-element elementor-element-636caf9 elementor-mobile-align-center elementor-align-center elementor-widget elementor-widget-button\" data-id=\"636caf9\" data-element_type=\"widget\" data-e-type=\"widget\" data-widget_type=\"button.default\">\n\t\t\t\t\t\t\t\t\t\t<a class=\"elementor-button elementor-button-link elementor-size-sm\" href=\"https:\/\/agenceeuristica.com\/index.php\/interventions\/\">\n\t\t\t\t\t\t<span class=\"elementor-button-content-wrapper\">\n\t\t\t\t\t\t<span class=\"elementor-button-icon\">\n\t\t\t\t<svg aria-hidden=\"true\" class=\"e-font-icon-svg e-fas-arrow-circle-right\" viewBox=\"0 0 512 512\" xmlns=\"http:\/\/www.w3.org\/2000\/svg\"><path d=\"M256 8c137 0 248 111 248 248S393 504 256 504 8 393 8 256 119 8 256 8zm-28.9 143.6l75.5 72.4H120c-13.3 0-24 10.7-24 24v16c0 13.3 10.7 24 24 24h182.6l-75.5 72.4c-9.7 9.3-9.9 24.8-.4 34.3l11 10.9c9.4 9.4 24.6 9.4 33.9 0L404.3 273c9.4-9.4 9.4-24.6 0-33.9L271.6 106.3c-9.4-9.4-24.6-9.4-33.9 0l-11 10.9c-9.5 9.6-9.3 25.1.4 34.4z\"><\/path><\/svg>\t\t\t<\/span>\n\t\t\t\t\t\t\t\t\t<span class=\"elementor-button-text\">En savoir +<\/span>\n\t\t\t\t\t<\/span>\n\t\t\t\t\t<\/a>\n\t\t\t\t\t\t\t\t<\/div>\n\t\t\t\t<\/div>\n\t\t\t\t<\/div>\n\t\t<div class=\"elementor-element elementor-element-884d7ec e-con-full e-flex e-con e-parent\" data-id=\"884d7ec\" data-element_type=\"container\" data-e-type=\"container\">\n\t\t\t\t<div class=\"elementor-element elementor-element-b1c8019 elementor-widget elementor-widget-heading\" data-id=\"b1c8019\" data-element_type=\"widget\" data-e-type=\"widget\" data-widget_type=\"heading.default\">\n\t\t\t\t\t<h3 class=\"elementor-heading-title elementor-size-default\">Ce que nous faisons<\/h3>\t\t\t\t<\/div>\n\t\t<div class=\"elementor-element elementor-element-9e65655 e-con-full e-flex e-con e-child\" data-id=\"9e65655\" data-element_type=\"container\" data-e-type=\"container\">\n\t\t<div class=\"elementor-element elementor-element-5b2bf88 e-con-full e-flex e-con e-child\" data-id=\"5b2bf88\" data-element_type=\"container\" data-e-type=\"container\">\n\t\t\t\t<div class=\"elementor-element elementor-element-1284f7a elementor-widget elementor-widget-image-box\" data-id=\"1284f7a\" data-element_type=\"widget\" data-e-type=\"widget\" data-widget_type=\"image-box.default\">\n\t\t\t\t\t<div class=\"elementor-image-box-wrapper\"><div class=\"elementor-image-box-content\"><h4 class=\"elementor-image-box-title\"><a href=\"#\">Diagnostic et lecture des perceptions \/ r\u00e9cits<\/a><\/h4><\/div><\/div>\t\t\t\t<\/div>\n\t\t\t\t<\/div>\n\t\t<div class=\"elementor-element elementor-element-00a27c9 e-con-full e-flex e-con e-child\" data-id=\"00a27c9\" data-element_type=\"container\" data-e-type=\"container\">\n\t\t\t\t<div class=\"elementor-element elementor-element-c73719a elementor-widget elementor-widget-image-box\" data-id=\"c73719a\" data-element_type=\"widget\" data-e-type=\"widget\" data-widget_type=\"image-box.default\">\n\t\t\t\t\t<div class=\"elementor-image-box-wrapper\"><div class=\"elementor-image-box-content\"><h4 class=\"elementor-image-box-title\"><a href=\"#\">Dispositifs collectifs orient\u00e9s arbitrage<\/a><\/h4><\/div><\/div>\t\t\t\t<\/div>\n\t\t\t\t<\/div>\n\t\t<div class=\"elementor-element elementor-element-225f59c e-con-full e-flex e-con e-child\" data-id=\"225f59c\" data-element_type=\"container\" data-e-type=\"container\">\n\t\t\t\t<div class=\"elementor-element elementor-element-f6782a2 elementor-widget elementor-widget-image-box\" data-id=\"f6782a2\" data-element_type=\"widget\" data-e-type=\"widget\" data-widget_type=\"image-box.default\">\n\t\t\t\t\t<div class=\"elementor-image-box-wrapper\"><div class=\"elementor-image-box-content\"><h4 class=\"elementor-image-box-title\"><a href=\"#\">Aide \u00e0 la d\u00e9cision, priorisation, feuille de route<\/a><\/h4><\/div><\/div>\t\t\t\t<\/div>\n\t\t\t\t<\/div>\n\t\t<div class=\"elementor-element elementor-element-1aa7eb9 e-con-full e-flex e-con e-child\" data-id=\"1aa7eb9\" data-element_type=\"container\" data-e-type=\"container\">\n\t\t\t\t<div class=\"elementor-element elementor-element-a481d49 elementor-widget elementor-widget-image-box\" data-id=\"a481d49\" data-element_type=\"widget\" data-e-type=\"widget\" data-widget_type=\"image-box.default\">\n\t\t\t\t\t<div class=\"elementor-image-box-wrapper\"><div class=\"elementor-image-box-content\"><h4 class=\"elementor-image-box-title\"><a href=\"#\">Outillage et mont\u00e9e en comp\u00e9tence<\/a><\/h4><\/div><\/div>\t\t\t\t<\/div>\n\t\t\t\t<\/div>\n\t\t\t\t<\/div>\n\t\t\t\t<\/div>\n\t\t<div class=\"elementor-element elementor-element-592a8ce e-flex e-con-boxed e-con e-parent\" data-id=\"592a8ce\" data-element_type=\"container\" data-e-type=\"container\">\n\t\t\t\t\t<div class=\"e-con-inner\">\n\t\t\t\t<div class=\"elementor-element elementor-element-a34de67 elementor-widget-divider--view-line elementor-widget elementor-widget-divider\" data-id=\"a34de67\" data-element_type=\"widget\" data-e-type=\"widget\" data-widget_type=\"divider.default\">\n\t\t\t\t\t\t\t<div class=\"elementor-divider\">\n\t\t\t<span class=\"elementor-divider-separator\">\n\t\t\t\t\t\t<\/span>\n\t\t<\/div>\n\t\t\t\t\t\t<\/div>\n\t\t\t\t\t<\/div>\n\t\t\t\t<\/div>\n\t\t<div class=\"elementor-element elementor-element-4c72379 e-con-full e-flex e-con e-parent\" data-id=\"4c72379\" data-element_type=\"container\" data-e-type=\"container\">\n\t\t\t\t<div class=\"elementor-element elementor-element-cf62103 elementor-widget elementor-widget-heading\" data-id=\"cf62103\" data-element_type=\"widget\" data-e-type=\"widget\" data-widget_type=\"heading.default\">\n\t\t\t\t\t<h3 class=\"elementor-heading-title elementor-size-default\">Ce que nous revendiquons<\/h3>\t\t\t\t<\/div>\n\t\t<div class=\"elementor-element elementor-element-81857ef e-con-full e-flex e-con e-child\" data-id=\"81857ef\" data-element_type=\"container\" data-e-type=\"container\">\n\t\t<div class=\"elementor-element elementor-element-ab6d7a3 e-con-full e-flex e-con e-child\" data-id=\"ab6d7a3\" data-element_type=\"container\" data-e-type=\"container\">\n\t\t\t\t<div class=\"elementor-element elementor-element-339a163 elementor-widget elementor-widget-image-box\" data-id=\"339a163\" data-element_type=\"widget\" data-e-type=\"widget\" data-widget_type=\"image-box.default\">\n\t\t\t\t\t<div class=\"elementor-image-box-wrapper\"><div class=\"elementor-image-box-content\"><h4 class=\"elementor-image-box-title\"><a href=\"#\">Frugalit\u00e9<\/a><\/h4><p class=\"elementor-image-box-description\">Formats resser\u00e9s, budgets contraits.<\/p><\/div><\/div>\t\t\t\t<\/div>\n\t\t\t\t<\/div>\n\t\t<div class=\"elementor-element elementor-element-bfcbe24 e-con-full e-flex e-con e-child\" data-id=\"bfcbe24\" data-element_type=\"container\" data-e-type=\"container\">\n\t\t\t\t<div class=\"elementor-element elementor-element-2c40554 elementor-widget elementor-widget-image-box\" data-id=\"2c40554\" data-element_type=\"widget\" data-e-type=\"widget\" data-widget_type=\"image-box.default\">\n\t\t\t\t\t<div class=\"elementor-image-box-wrapper\"><div class=\"elementor-image-box-content\"><h4 class=\"elementor-image-box-title\"><a href=\"#\">Exigence<\/a><\/h4><p class=\"elementor-image-box-description\">Rigueur, tra\u00e7abilit\u00e9, livrables utilisables<\/p><\/div><\/div>\t\t\t\t<\/div>\n\t\t\t\t<\/div>\n\t\t<div class=\"elementor-element elementor-element-314e614 e-con-full e-flex e-con e-child\" data-id=\"314e614\" data-element_type=\"container\" data-e-type=\"container\">\n\t\t\t\t<div class=\"elementor-element elementor-element-cdb5ada elementor-widget elementor-widget-image-box\" data-id=\"cdb5ada\" data-element_type=\"widget\" data-e-type=\"widget\" data-widget_type=\"image-box.default\">\n\t\t\t\t\t<div class=\"elementor-image-box-wrapper\"><div class=\"elementor-image-box-content\"><h4 class=\"elementor-image-box-title\"><a href=\"#\">R\u00e9alisme<\/a><\/h4><p class=\"elementor-image-box-description\">Acceptabilit\u00e9 et jeux d\u2019acteurs int\u00e9gr\u00e9s<\/p><\/div><\/div>\t\t\t\t<\/div>\n\t\t\t\t<\/div>\n\t\t<div class=\"elementor-element elementor-element-6f9aa52 e-con-full e-flex e-con e-child\" data-id=\"6f9aa52\" data-element_type=\"container\" data-e-type=\"container\">\n\t\t\t\t<div class=\"elementor-element elementor-element-1bdcef7 elementor-widget elementor-widget-image-box\" data-id=\"1bdcef7\" data-element_type=\"widget\" data-e-type=\"widget\" data-widget_type=\"image-box.default\">\n\t\t\t\t\t<div class=\"elementor-image-box-wrapper\"><div class=\"elementor-image-box-content\"><h4 class=\"elementor-image-box-title\"><a href=\"#\">Autonomie<\/a><\/h4><p class=\"elementor-image-box-description\">Pas de d\u00e9pendance au conseil<\/p><\/div><\/div>\t\t\t\t<\/div>\n\t\t\t\t<\/div>\n\t\t\t\t<\/div>\n\t\t\t\t<\/div>\n\t\t<div class=\"elementor-element elementor-element-6ac55a6c e-con-full e-flex e-con e-parent\" data-id=\"6ac55a6c\" data-element_type=\"container\" data-e-type=\"container\" data-settings=\"{&quot;background_background&quot;:&quot;classic&quot;}\">\n\t\t<div class=\"elementor-element elementor-element-5cc71185 e-con-full e-flex e-con e-child\" data-id=\"5cc71185\" data-element_type=\"container\" data-e-type=\"container\">\n\t\t\t\t<div class=\"elementor-element elementor-element-308d25fc elementor-invisible elementor-widget elementor-widget-heading\" data-id=\"308d25fc\" data-element_type=\"widget\" data-e-type=\"widget\" data-settings=\"{&quot;_animation&quot;:&quot;fadeIn&quot;}\" data-widget_type=\"heading.default\">\n\t\t\t\t\t<h1 class=\"elementor-heading-title elementor-size-default\">L'\u00e9quipe<\/h1>\t\t\t\t<\/div>\n\t\t\t\t<div class=\"elementor-element elementor-element-570059e7 elementor-invisible elementor-widget elementor-widget-text-editor\" data-id=\"570059e7\" data-element_type=\"widget\" data-e-type=\"widget\" data-settings=\"{&quot;_animation&quot;:&quot;fadeIn&quot;,&quot;_animation_delay&quot;:200}\" data-widget_type=\"text-editor.default\">\n\t\t\t\t\t\t\t\t\t<p>Euristica est pilot\u00e9e par Sarah Ben Ayed, directrice-conseil associ\u00e9e chez Ligne \u00e0 Suivre.<\/p><p class=\"p1\">\u00a0<\/p>\t\t\t\t\t\t\t\t<\/div>\n\t\t\t\t<div class=\"elementor-element elementor-element-97f0e7c elementor-mobile-align-center elementor-align-center elementor-widget elementor-widget-button\" data-id=\"97f0e7c\" data-element_type=\"widget\" data-e-type=\"widget\" data-widget_type=\"button.default\">\n\t\t\t\t\t\t\t\t\t\t<a class=\"elementor-button elementor-button-link elementor-size-sm\" href=\"mailto:sarah@ligneasuivre.com\">\n\t\t\t\t\t\t<span class=\"elementor-button-content-wrapper\">\n\t\t\t\t\t\t<span class=\"elementor-button-icon\">\n\t\t\t\t<svg aria-hidden=\"true\" class=\"e-font-icon-svg e-fas-arrow-circle-right\" viewBox=\"0 0 512 512\" xmlns=\"http:\/\/www.w3.org\/2000\/svg\"><path d=\"M256 8c137 0 248 111 248 248S393 504 256 504 8 393 8 256 119 8 256 8zm-28.9 143.6l75.5 72.4H120c-13.3 0-24 10.7-24 24v16c0 13.3 10.7 24 24 24h182.6l-75.5 72.4c-9.7 9.3-9.9 24.8-.4 34.3l11 10.9c9.4 9.4 24.6 9.4 33.9 0L404.3 273c9.4-9.4 9.4-24.6 0-33.9L271.6 106.3c-9.4-9.4-24.6-9.4-33.9 0l-11 10.9c-9.5 9.6-9.3 25.1.4 34.4z\"><\/path><\/svg>\t\t\t<\/span>\n\t\t\t\t\t\t\t\t\t<span class=\"elementor-button-text\">Contacter<\/span>\n\t\t\t\t\t<\/span>\n\t\t\t\t\t<\/a>\n\t\t\t\t\t\t\t\t<\/div>\n\t\t\t\t<\/div>\n\t\t<div class=\"elementor-element elementor-element-3e6ca9c5 e-con-full e-flex e-con e-child\" data-id=\"3e6ca9c5\" data-element_type=\"container\" data-e-type=\"container\" data-settings=\"{&quot;background_background&quot;:&quot;classic&quot;}\">\n\t\t\t\t<div class=\"elementor-element elementor-element-56224866 elementor-invisible elementor-widget elementor-widget-image\" data-id=\"56224866\" data-element_type=\"widget\" data-e-type=\"widget\" data-settings=\"{&quot;_animation&quot;:&quot;zoomIn&quot;}\" data-widget_type=\"image.default\">\n\t\t\t\t\t\t\t\t\t\t\t\t\t\t\t<img fetchpriority=\"high\" decoding=\"async\" width=\"742\" height=\"540\" src=\"https:\/\/agenceeuristica.com\/wp-content\/uploads\/2026\/02\/photo-benayed-nb.jpg\" class=\"attachment-large size-large wp-image-402\" alt=\"\" srcset=\"https:\/\/agenceeuristica.com\/wp-content\/uploads\/2026\/02\/photo-benayed-nb.jpg 742w, https:\/\/agenceeuristica.com\/wp-content\/uploads\/2026\/02\/photo-benayed-nb-300x218.jpg 300w\" sizes=\"(max-width: 742px) 100vw, 742px\" \/>\t\t\t\t\t\t\t\t\t\t\t\t\t\t\t<\/div>\n\t\t\t\t<\/div>\n\t\t\t\t<\/div>\n\t\t\t\t<\/div>\n\t\t","protected":false},"excerpt":{"rendered":"<p>Qui sommes-nous ? Le cabinet Euristica est une offre de conseil de Ligne \u00e0 Suivre. Nous intervenons quand une organisation doit prendre une d\u00e9cision dans un contexte de contraintes : enjeux politiques, tensions internes, controverse publique, calendrier serr\u00e9, ressources limit\u00e9es. En savoir + Ce que nous faisons Diagnostic et lecture des perceptions \/ r\u00e9cits Dispositifs [&hellip;]<\/p>\n","protected":false},"author":1,"featured_media":0,"parent":0,"menu_order":0,"comment_status":"closed","ping_status":"closed","template":"","meta":{"footnotes":""},"class_list":["post-75","page","type-page","status-publish","hentry"],"yoast_head":"<!-- This site is optimized with the Yoast SEO plugin v27.5 - https:\/\/yoast.com\/product\/yoast-seo-wordpress\/ -->\n<title>Qui sommes-nous ? - Euristica by Ligne \u00e0 Suivre<\/title>\n<meta name=\"robots\" content=\"index, follow, max-snippet:-1, max-image-preview:large, max-video-preview:-1\" \/>\n<link rel=\"canonical\" href=\"https:\/\/agenceeuristica.com\/index.php\/a-propos\/\" \/>\n<meta property=\"og:locale\" content=\"fr_FR\" \/>\n<meta property=\"og:type\" content=\"article\" \/>\n<meta property=\"og:title\" content=\"Qui sommes-nous ? - Euristica by Ligne \u00e0 Suivre\" \/>\n<meta property=\"og:description\" content=\"Qui sommes-nous ? Le cabinet Euristica est une offre de conseil de Ligne \u00e0 Suivre. Nous intervenons quand une organisation doit prendre une d\u00e9cision dans un contexte de contraintes : enjeux politiques, tensions internes, controverse publique, calendrier serr\u00e9, ressources limit\u00e9es. En savoir + Ce que nous faisons Diagnostic et lecture des perceptions \/ r\u00e9cits Dispositifs [&hellip;]\" \/>\n<meta property=\"og:url\" content=\"https:\/\/agenceeuristica.com\/index.php\/a-propos\/\" \/>\n<meta property=\"og:site_name\" content=\"Euristica by Ligne \u00e0 Suivre\" \/>\n<meta property=\"article:modified_time\" content=\"2026-02-17T14:15:28+00:00\" \/>\n<meta property=\"og:image\" content=\"https:\/\/agenceeuristica.com\/wp-content\/uploads\/2026\/02\/photo-benayed-nb.jpg\" \/>\n\t<meta property=\"og:image:width\" content=\"742\" \/>\n\t<meta property=\"og:image:height\" content=\"540\" \/>\n\t<meta property=\"og:image:type\" content=\"image\/jpeg\" \/>\n<meta name=\"twitter:card\" content=\"summary_large_image\" \/>\n<meta name=\"twitter:label1\" content=\"Dur\u00e9e de lecture estim\u00e9e\" \/>\n\t<meta name=\"twitter:data1\" content=\"1 minute\" \/>\n<script type=\"application\/ld+json\" class=\"yoast-schema-graph\">{\"@context\":\"https:\\\/\\\/schema.org\",\"@graph\":[{\"@type\":\"WebPage\",\"@id\":\"https:\\\/\\\/agenceeuristica.com\\\/index.php\\\/a-propos\\\/\",\"url\":\"https:\\\/\\\/agenceeuristica.com\\\/index.php\\\/a-propos\\\/\",\"name\":\"Qui sommes-nous ? - Euristica by Ligne \u00e0 Suivre\",\"isPartOf\":{\"@id\":\"https:\\\/\\\/agenceeuristica.com\\\/#website\"},\"primaryImageOfPage\":{\"@id\":\"https:\\\/\\\/agenceeuristica.com\\\/index.php\\\/a-propos\\\/#primaryimage\"},\"image\":{\"@id\":\"https:\\\/\\\/agenceeuristica.com\\\/index.php\\\/a-propos\\\/#primaryimage\"},\"thumbnailUrl\":\"https:\\\/\\\/agenceeuristica.com\\\/wp-content\\\/uploads\\\/2026\\\/02\\\/photo-benayed-nb.jpg\",\"datePublished\":\"2026-01-08T10:52:38+00:00\",\"dateModified\":\"2026-02-17T14:15:28+00:00\",\"breadcrumb\":{\"@id\":\"https:\\\/\\\/agenceeuristica.com\\\/index.php\\\/a-propos\\\/#breadcrumb\"},\"inLanguage\":\"fr-FR\",\"potentialAction\":[{\"@type\":\"ReadAction\",\"target\":[\"https:\\\/\\\/agenceeuristica.com\\\/index.php\\\/a-propos\\\/\"]}]},{\"@type\":\"ImageObject\",\"inLanguage\":\"fr-FR\",\"@id\":\"https:\\\/\\\/agenceeuristica.com\\\/index.php\\\/a-propos\\\/#primaryimage\",\"url\":\"https:\\\/\\\/agenceeuristica.com\\\/wp-content\\\/uploads\\\/2026\\\/02\\\/photo-benayed-nb.jpg\",\"contentUrl\":\"https:\\\/\\\/agenceeuristica.com\\\/wp-content\\\/uploads\\\/2026\\\/02\\\/photo-benayed-nb.jpg\",\"width\":742,\"height\":540},{\"@type\":\"BreadcrumbList\",\"@id\":\"https:\\\/\\\/agenceeuristica.com\\\/index.php\\\/a-propos\\\/#breadcrumb\",\"itemListElement\":[{\"@type\":\"ListItem\",\"position\":1,\"name\":\"Accueil\",\"item\":\"https:\\\/\\\/agenceeuristica.com\\\/\"},{\"@type\":\"ListItem\",\"position\":2,\"name\":\"Qui sommes-nous ?\"}]},{\"@type\":\"WebSite\",\"@id\":\"https:\\\/\\\/agenceeuristica.com\\\/#website\",\"url\":\"https:\\\/\\\/agenceeuristica.com\\\/\",\"name\":\"Euristica by Ligne \u00e0 Suivre\",\"description\":\"\",\"publisher\":{\"@id\":\"https:\\\/\\\/agenceeuristica.com\\\/#organization\"},\"potentialAction\":[{\"@type\":\"SearchAction\",\"target\":{\"@type\":\"EntryPoint\",\"urlTemplate\":\"https:\\\/\\\/agenceeuristica.com\\\/?s={search_term_string}\"},\"query-input\":{\"@type\":\"PropertyValueSpecification\",\"valueRequired\":true,\"valueName\":\"search_term_string\"}}],\"inLanguage\":\"fr-FR\"},{\"@type\":\"Organization\",\"@id\":\"https:\\\/\\\/agenceeuristica.com\\\/#organization\",\"name\":\"Euristica by Ligne \u00e0 Suivre\",\"url\":\"https:\\\/\\\/agenceeuristica.com\\\/\",\"logo\":{\"@type\":\"ImageObject\",\"inLanguage\":\"fr-FR\",\"@id\":\"https:\\\/\\\/agenceeuristica.com\\\/#\\\/schema\\\/logo\\\/image\\\/\",\"url\":\"https:\\\/\\\/agenceeuristica.com\\\/wp-content\\\/uploads\\\/2026\\\/01\\\/cropped-cropped-cropped-logo-lasFichier-1.png\",\"contentUrl\":\"https:\\\/\\\/agenceeuristica.com\\\/wp-content\\\/uploads\\\/2026\\\/01\\\/cropped-cropped-cropped-logo-lasFichier-1.png\",\"width\":512,\"height\":512,\"caption\":\"Euristica by Ligne \u00e0 Suivre\"},\"image\":{\"@id\":\"https:\\\/\\\/agenceeuristica.com\\\/#\\\/schema\\\/logo\\\/image\\\/\"}}]}<\/script>\n<!-- \/ Yoast SEO plugin. -->","yoast_head_json":{"title":"Qui sommes-nous ? - Euristica by Ligne \u00e0 Suivre","robots":{"index":"index","follow":"follow","max-snippet":"max-snippet:-1","max-image-preview":"max-image-preview:large","max-video-preview":"max-video-preview:-1"},"canonical":"https:\/\/agenceeuristica.com\/index.php\/a-propos\/","og_locale":"fr_FR","og_type":"article","og_title":"Qui sommes-nous ? - Euristica by Ligne \u00e0 Suivre","og_description":"Qui sommes-nous ? Le cabinet Euristica est une offre de conseil de Ligne \u00e0 Suivre. Nous intervenons quand une organisation doit prendre une d\u00e9cision dans un contexte de contraintes : enjeux politiques, tensions internes, controverse publique, calendrier serr\u00e9, ressources limit\u00e9es. En savoir + Ce que nous faisons Diagnostic et lecture des perceptions \/ r\u00e9cits Dispositifs [&hellip;]","og_url":"https:\/\/agenceeuristica.com\/index.php\/a-propos\/","og_site_name":"Euristica by Ligne \u00e0 Suivre","article_modified_time":"2026-02-17T14:15:28+00:00","og_image":[{"width":742,"height":540,"url":"https:\/\/agenceeuristica.com\/wp-content\/uploads\/2026\/02\/photo-benayed-nb.jpg","type":"image\/jpeg"}],"twitter_card":"summary_large_image","twitter_misc":{"Dur\u00e9e de lecture estim\u00e9e":"1 minute"},"schema":{"@context":"https:\/\/schema.org","@graph":[{"@type":"WebPage","@id":"https:\/\/agenceeuristica.com\/index.php\/a-propos\/","url":"https:\/\/agenceeuristica.com\/index.php\/a-propos\/","name":"Qui sommes-nous ? - Euristica by Ligne \u00e0 Suivre","isPartOf":{"@id":"https:\/\/agenceeuristica.com\/#website"},"primaryImageOfPage":{"@id":"https:\/\/agenceeuristica.com\/index.php\/a-propos\/#primaryimage"},"image":{"@id":"https:\/\/agenceeuristica.com\/index.php\/a-propos\/#primaryimage"},"thumbnailUrl":"https:\/\/agenceeuristica.com\/wp-content\/uploads\/2026\/02\/photo-benayed-nb.jpg","datePublished":"2026-01-08T10:52:38+00:00","dateModified":"2026-02-17T14:15:28+00:00","breadcrumb":{"@id":"https:\/\/agenceeuristica.com\/index.php\/a-propos\/#breadcrumb"},"inLanguage":"fr-FR","potentialAction":[{"@type":"ReadAction","target":["https:\/\/agenceeuristica.com\/index.php\/a-propos\/"]}]},{"@type":"ImageObject","inLanguage":"fr-FR","@id":"https:\/\/agenceeuristica.com\/index.php\/a-propos\/#primaryimage","url":"https:\/\/agenceeuristica.com\/wp-content\/uploads\/2026\/02\/photo-benayed-nb.jpg","contentUrl":"https:\/\/agenceeuristica.com\/wp-content\/uploads\/2026\/02\/photo-benayed-nb.jpg","width":742,"height":540},{"@type":"BreadcrumbList","@id":"https:\/\/agenceeuristica.com\/index.php\/a-propos\/#breadcrumb","itemListElement":[{"@type":"ListItem","position":1,"name":"Accueil","item":"https:\/\/agenceeuristica.com\/"},{"@type":"ListItem","position":2,"name":"Qui sommes-nous ?"}]},{"@type":"WebSite","@id":"https:\/\/agenceeuristica.com\/#website","url":"https:\/\/agenceeuristica.com\/","name":"Euristica by Ligne \u00e0 Suivre","description":"","publisher":{"@id":"https:\/\/agenceeuristica.com\/#organization"},"potentialAction":[{"@type":"SearchAction","target":{"@type":"EntryPoint","urlTemplate":"https:\/\/agenceeuristica.com\/?s={search_term_string}"},"query-input":{"@type":"PropertyValueSpecification","valueRequired":true,"valueName":"search_term_string"}}],"inLanguage":"fr-FR"},{"@type":"Organization","@id":"https:\/\/agenceeuristica.com\/#organization","name":"Euristica by Ligne \u00e0 Suivre","url":"https:\/\/agenceeuristica.com\/","logo":{"@type":"ImageObject","inLanguage":"fr-FR","@id":"https:\/\/agenceeuristica.com\/#\/schema\/logo\/image\/","url":"https:\/\/agenceeuristica.com\/wp-content\/uploads\/2026\/01\/cropped-cropped-cropped-logo-lasFichier-1.png","contentUrl":"https:\/\/agenceeuristica.com\/wp-content\/uploads\/2026\/01\/cropped-cropped-cropped-logo-lasFichier-1.png","width":512,"height":512,"caption":"Euristica by Ligne \u00e0 Suivre"},"image":{"@id":"https:\/\/agenceeuristica.com\/#\/schema\/logo\/image\/"}}]}},"_links":{"self":[{"href":"https:\/\/agenceeuristica.com\/index.php\/wp-json\/wp\/v2\/pages\/75","targetHints":{"allow":["GET"]}}],"collection":[{"href":"https:\/\/agenceeuristica.com\/index.php\/wp-json\/wp\/v2\/pages"}],"about":[{"href":"https:\/\/agenceeuristica.com\/index.php\/wp-json\/wp\/v2\/types\/page"}],"author":[{"embeddable":true,"href":"https:\/\/agenceeuristica.com\/index.php\/wp-json\/wp\/v2\/users\/1"}],"replies":[{"embeddable":true,"href":"https:\/\/agenceeuristica.com\/index.php\/wp-json\/wp\/v2\/comments?post=75"}],"version-history":[{"count":20,"href":"https:\/\/agenceeuristica.com\/index.php\/wp-json\/wp\/v2\/pages\/75\/revisions"}],"predecessor-version":[{"id":551,"href":"https:\/\/agenceeuristica.com\/index.php\/wp-json\/wp\/v2\/pages\/75\/revisions\/551"}],"wp:attachment":[{"href":"https:\/\/agenceeuristica.com\/index.php\/wp-json\/wp\/v2\/media?parent=75"}],"curies":[{"name":"wp","href":"https:\/\/api.w.org\/{rel}","templated":true}]}}