{"id":419,"date":"2026-02-01T15:56:24","date_gmt":"2026-02-01T15:56:24","guid":{"rendered":"https:\/\/agenceeuristica.com\/?page_id=419"},"modified":"2026-02-01T16:02:19","modified_gmt":"2026-02-01T16:02:19","slug":"mentions-legales","status":"publish","type":"page","link":"https:\/\/agenceeuristica.com\/index.php\/mentions-legales\/","title":{"rendered":"Mentions l\u00e9gales"},"content":{"rendered":"\t\t<div data-elementor-type=\"wp-page\" data-elementor-id=\"419\" class=\"elementor elementor-419\" data-elementor-post-type=\"page\">\n\t\t\t\t<div class=\"elementor-element elementor-element-4d187305 e-flex e-con-boxed e-con e-parent\" data-id=\"4d187305\" data-element_type=\"container\" data-e-type=\"container\">\n\t\t\t\t\t<div class=\"e-con-inner\">\n\t\t\t\t<div class=\"elementor-element elementor-element-2b4d0026 elementor-widget elementor-widget-theme-post-title elementor-page-title elementor-widget-heading\" data-id=\"2b4d0026\" data-element_type=\"widget\" data-e-type=\"widget\" data-widget_type=\"theme-post-title.default\">\n\t\t\t\t\t<h1 class=\"elementor-heading-title elementor-size-default\">Mentions l\u00e9gales<\/h1>\t\t\t\t<\/div>\n\t\t\t\t\t<\/div>\n\t\t\t\t<\/div>\n\t\t<div class=\"elementor-element elementor-element-7ea6c44 e-flex e-con-boxed e-con e-parent\" data-id=\"7ea6c44\" data-element_type=\"container\" data-e-type=\"container\">\n\t\t\t\t\t<div class=\"e-con-inner\">\n\t\t\t\t<div class=\"elementor-element elementor-element-b2d26e0 elementor-widget elementor-widget-text-editor\" data-id=\"b2d26e0\" data-element_type=\"widget\" data-e-type=\"widget\" data-widget_type=\"text-editor.default\">\n\t\t\t\t\t\t\t\t\t<div><strong>1) \u00c9diteur du site<\/strong><\/div><div>\u00a0<\/div><div>Le site agenceeuristica.com (ci-apr\u00e8s \u00ab le Site \u00bb) est \u00e9dit\u00e9 par Ligne \u00e0 Suivre, soci\u00e9t\u00e9 \u00e0 responsabilit\u00e9 limit\u00e9e (SARL), dont le si\u00e8ge social est situ\u00e9 11 rue Mariano, 67100 Strasbourg, France.\u00a0 \ufffc<\/div><ul><li>SIRET : 41441459900020\u00a0\u00a0<\/li><li>TVA intracommunautaire : FR47414414599\u00a0<\/li><li>RCS : 414 414 599 R.C.S. Strasbourg\u00a0<\/li><li>T\u00e9l\u00e9phone : +33 3 88 21 43 20\u00a0<\/li><li>E-mail : hello@ligneasuivre.com\u00a0 \ufffc<\/li><\/ul><div>\u00a0<\/div><div>Euristica est une marque \/ offre port\u00e9e par Ligne \u00e0 Suivre.<\/div><div>\u00a0<\/div><div>\u2e3b<\/div><div>\u00a0<\/div><div><strong>2) Directeur de la publication<\/strong><\/div><div>\u00a0<\/div><div>Directeur de la publication : Christian Remy.\u00a0<\/div><div>\u00a0<\/div><div>\u2e3b<\/div><div>\u00a0<\/div><div><strong>3) H\u00e9bergement<\/strong><\/div><div>\u00a0<\/div><div>Le Site est h\u00e9berg\u00e9 par OVHcloud (OVH SAS), dont le si\u00e8ge social est situ\u00e9 2 rue Kellermann \u2013 59100 Roubaix \u2013 France.\u00a0<\/div><div>\u00a0<\/div><div>\u00a0<\/div><div>\u2e3b<\/div><div>\u00a0<\/div><div><strong>4) Propri\u00e9t\u00e9 intellectuelle<\/strong><\/div><div>\u00a0<\/div><div>L\u2019ensemble des contenus pr\u00e9sents sur le Site (textes, \u00e9l\u00e9ments graphiques, logos, images, mises en page, contenus t\u00e9l\u00e9chargeables, etc.) est prot\u00e9g\u00e9 par le droit d\u2019auteur et, plus g\u00e9n\u00e9ralement, par les dispositions relatives \u00e0 la propri\u00e9t\u00e9 intellectuelle.<\/div><div>Sauf mention contraire, ces \u00e9l\u00e9ments sont la propri\u00e9t\u00e9 de Ligne \u00e0 Suivre ou font l\u2019objet d\u2019un droit d\u2019utilisation. Toute reproduction, repr\u00e9sentation, adaptation, diffusion ou exploitation, totale ou partielle, sans autorisation pr\u00e9alable \u00e9crite est interdite.<\/div><div>\u00a0<\/div><div>\u2e3b<\/div><div>\u00a0<\/div><div><strong>5) Responsabilit\u00e9<\/strong><\/div><div>\u00a0<\/div><div>Ligne \u00e0 Suivre s\u2019efforce d\u2019assurer au mieux l\u2019exactitude et la mise \u00e0 jour des informations diffus\u00e9es sur le Site. Toutefois, elle ne peut garantir l\u2019exactitude, la pr\u00e9cision ou l\u2019exhaustivit\u00e9 des informations mises \u00e0 disposition.\u00a0\u00a0<\/div><div>L\u2019utilisateur reconna\u00eet utiliser ces informations sous sa responsabilit\u00e9 exclusive.<\/div><div>\u00a0<\/div><div>Le Site peut contenir des liens vers des sites tiers. Ligne \u00e0 Suivre n\u2019exerce aucun contr\u00f4le sur ces sites et d\u00e9cline toute responsabilit\u00e9 quant \u00e0 leur contenu ou leurs pratiques.<\/div><div>\u00a0<\/div><div>\u2e3b<\/div><div>\u00a0<\/div><div><strong>6) Donn\u00e9es personnelles et cookies<\/strong><\/div><div>\u00a0<\/div><div>Le traitement \u00e9ventuel des donn\u00e9es personnelles et l\u2019usage des cookies sont d\u00e9crits dans la Politique de confidentialit\u00e9 du Site \/ de Ligne \u00e0 Suivre.\u00a0<\/div><div>\u00a0<\/div><div>\u2e3b<\/div><div>\u00a0<\/div><div><strong>7) Contact<\/strong><\/div><div>\u00a0<\/div><div>Pour toute question relative au Site, vous pouvez contacter l\u2019\u00e9diteur \u00e0 l\u2019adresse : sarah@ligneasuivre.com.<\/div><div>\u00a0<\/div><div>\u2e3b<\/div><div>\u00a0<\/div><div><strong>8) Mise \u00e0 jour<\/strong><\/div><div>\u00a0<\/div><div>Derni\u00e8re mise \u00e0 jour : 1er f\u00e9vrier 2026<\/div>\t\t\t\t\t\t\t\t<\/div>\n\t\t\t\t\t<\/div>\n\t\t\t\t<\/div>\n\t\t\t\t<\/div>\n\t\t","protected":false},"excerpt":{"rendered":"<p>1) \u00c9diteur du site\u00a0Le site agenceeuristica.com (ci-apr\u00e8s \u00ab le Site \u00bb) est \u00e9dit\u00e9 par Ligne \u00e0 Suivre, soci\u00e9t\u00e9 \u00e0 responsabilit\u00e9 limit\u00e9e (SARL), dont le si\u00e8ge social est situ\u00e9 11 rue Mariano, 67100 Strasbourg, France.\u00a0 \ufffc SIRET : 41441459900020\u00a0\u00a0 TVA intracommunautaire : FR47414414599\u00a0 RCS : 414 414 599 R.C.S. Strasbourg\u00a0 T\u00e9l\u00e9phone : +33 3 88 21 [&hellip;]<\/p>\n","protected":false},"author":1,"featured_media":0,"parent":0,"menu_order":0,"comment_status":"closed","ping_status":"closed","template":"","meta":{"footnotes":""},"class_list":["post-419","page","type-page","status-publish","hentry"],"yoast_head":"<!-- This site is optimized with the Yoast SEO plugin v27.5 - https:\/\/yoast.com\/product\/yoast-seo-wordpress\/ -->\n<title>Mentions l\u00e9gales - Euristica by Ligne \u00e0 Suivre<\/title>\n<meta name=\"robots\" content=\"index, follow, max-snippet:-1, max-image-preview:large, max-video-preview:-1\" \/>\n<link rel=\"canonical\" href=\"https:\/\/agenceeuristica.com\/index.php\/mentions-legales\/\" \/>\n<meta property=\"og:locale\" content=\"fr_FR\" \/>\n<meta property=\"og:type\" content=\"article\" \/>\n<meta property=\"og:title\" content=\"Mentions l\u00e9gales - Euristica by Ligne \u00e0 Suivre\" \/>\n<meta property=\"og:description\" content=\"1) \u00c9diteur du site\u00a0Le site agenceeuristica.com (ci-apr\u00e8s \u00ab le Site \u00bb) est \u00e9dit\u00e9 par Ligne \u00e0 Suivre, soci\u00e9t\u00e9 \u00e0 responsabilit\u00e9 limit\u00e9e (SARL), dont le si\u00e8ge social est situ\u00e9 11 rue Mariano, 67100 Strasbourg, France.\u00a0 \ufffc SIRET : 41441459900020\u00a0\u00a0 TVA intracommunautaire : FR47414414599\u00a0 RCS : 414 414 599 R.C.S. Strasbourg\u00a0 T\u00e9l\u00e9phone : +33 3 88 21 [&hellip;]\" \/>\n<meta property=\"og:url\" content=\"https:\/\/agenceeuristica.com\/index.php\/mentions-legales\/\" \/>\n<meta property=\"og:site_name\" content=\"Euristica by Ligne \u00e0 Suivre\" \/>\n<meta property=\"article:modified_time\" content=\"2026-02-01T16:02:19+00:00\" \/>\n<meta name=\"twitter:card\" content=\"summary_large_image\" \/>\n<meta name=\"twitter:label1\" content=\"Dur\u00e9e de lecture estim\u00e9e\" \/>\n\t<meta name=\"twitter:data1\" content=\"2 minutes\" \/>\n<script type=\"application\/ld+json\" class=\"yoast-schema-graph\">{\"@context\":\"https:\\\/\\\/schema.org\",\"@graph\":[{\"@type\":\"WebPage\",\"@id\":\"https:\\\/\\\/agenceeuristica.com\\\/index.php\\\/mentions-legales\\\/\",\"url\":\"https:\\\/\\\/agenceeuristica.com\\\/index.php\\\/mentions-legales\\\/\",\"name\":\"Mentions l\u00e9gales - Euristica by Ligne \u00e0 Suivre\",\"isPartOf\":{\"@id\":\"https:\\\/\\\/agenceeuristica.com\\\/#website\"},\"datePublished\":\"2026-02-01T15:56:24+00:00\",\"dateModified\":\"2026-02-01T16:02:19+00:00\",\"breadcrumb\":{\"@id\":\"https:\\\/\\\/agenceeuristica.com\\\/index.php\\\/mentions-legales\\\/#breadcrumb\"},\"inLanguage\":\"fr-FR\",\"potentialAction\":[{\"@type\":\"ReadAction\",\"target\":[\"https:\\\/\\\/agenceeuristica.com\\\/index.php\\\/mentions-legales\\\/\"]}]},{\"@type\":\"BreadcrumbList\",\"@id\":\"https:\\\/\\\/agenceeuristica.com\\\/index.php\\\/mentions-legales\\\/#breadcrumb\",\"itemListElement\":[{\"@type\":\"ListItem\",\"position\":1,\"name\":\"Accueil\",\"item\":\"https:\\\/\\\/agenceeuristica.com\\\/\"},{\"@type\":\"ListItem\",\"position\":2,\"name\":\"Mentions l\u00e9gales\"}]},{\"@type\":\"WebSite\",\"@id\":\"https:\\\/\\\/agenceeuristica.com\\\/#website\",\"url\":\"https:\\\/\\\/agenceeuristica.com\\\/\",\"name\":\"Euristica by Ligne \u00e0 Suivre\",\"description\":\"\",\"publisher\":{\"@id\":\"https:\\\/\\\/agenceeuristica.com\\\/#organization\"},\"potentialAction\":[{\"@type\":\"SearchAction\",\"target\":{\"@type\":\"EntryPoint\",\"urlTemplate\":\"https:\\\/\\\/agenceeuristica.com\\\/?s={search_term_string}\"},\"query-input\":{\"@type\":\"PropertyValueSpecification\",\"valueRequired\":true,\"valueName\":\"search_term_string\"}}],\"inLanguage\":\"fr-FR\"},{\"@type\":\"Organization\",\"@id\":\"https:\\\/\\\/agenceeuristica.com\\\/#organization\",\"name\":\"Euristica by Ligne \u00e0 Suivre\",\"url\":\"https:\\\/\\\/agenceeuristica.com\\\/\",\"logo\":{\"@type\":\"ImageObject\",\"inLanguage\":\"fr-FR\",\"@id\":\"https:\\\/\\\/agenceeuristica.com\\\/#\\\/schema\\\/logo\\\/image\\\/\",\"url\":\"https:\\\/\\\/agenceeuristica.com\\\/wp-content\\\/uploads\\\/2026\\\/01\\\/cropped-cropped-cropped-logo-lasFichier-1.png\",\"contentUrl\":\"https:\\\/\\\/agenceeuristica.com\\\/wp-content\\\/uploads\\\/2026\\\/01\\\/cropped-cropped-cropped-logo-lasFichier-1.png\",\"width\":512,\"height\":512,\"caption\":\"Euristica by Ligne \u00e0 Suivre\"},\"image\":{\"@id\":\"https:\\\/\\\/agenceeuristica.com\\\/#\\\/schema\\\/logo\\\/image\\\/\"}}]}<\/script>\n<!-- \/ Yoast SEO plugin. -->","yoast_head_json":{"title":"Mentions l\u00e9gales - Euristica by Ligne \u00e0 Suivre","robots":{"index":"index","follow":"follow","max-snippet":"max-snippet:-1","max-image-preview":"max-image-preview:large","max-video-preview":"max-video-preview:-1"},"canonical":"https:\/\/agenceeuristica.com\/index.php\/mentions-legales\/","og_locale":"fr_FR","og_type":"article","og_title":"Mentions l\u00e9gales - Euristica by Ligne \u00e0 Suivre","og_description":"1) \u00c9diteur du site\u00a0Le site agenceeuristica.com (ci-apr\u00e8s \u00ab le Site \u00bb) est \u00e9dit\u00e9 par Ligne \u00e0 Suivre, soci\u00e9t\u00e9 \u00e0 responsabilit\u00e9 limit\u00e9e (SARL), dont le si\u00e8ge social est situ\u00e9 11 rue Mariano, 67100 Strasbourg, France.\u00a0 \ufffc SIRET : 41441459900020\u00a0\u00a0 TVA intracommunautaire : FR47414414599\u00a0 RCS : 414 414 599 R.C.S. Strasbourg\u00a0 T\u00e9l\u00e9phone : +33 3 88 21 [&hellip;]","og_url":"https:\/\/agenceeuristica.com\/index.php\/mentions-legales\/","og_site_name":"Euristica by Ligne \u00e0 Suivre","article_modified_time":"2026-02-01T16:02:19+00:00","twitter_card":"summary_large_image","twitter_misc":{"Dur\u00e9e de lecture estim\u00e9e":"2 minutes"},"schema":{"@context":"https:\/\/schema.org","@graph":[{"@type":"WebPage","@id":"https:\/\/agenceeuristica.com\/index.php\/mentions-legales\/","url":"https:\/\/agenceeuristica.com\/index.php\/mentions-legales\/","name":"Mentions l\u00e9gales - Euristica by Ligne \u00e0 Suivre","isPartOf":{"@id":"https:\/\/agenceeuristica.com\/#website"},"datePublished":"2026-02-01T15:56:24+00:00","dateModified":"2026-02-01T16:02:19+00:00","breadcrumb":{"@id":"https:\/\/agenceeuristica.com\/index.php\/mentions-legales\/#breadcrumb"},"inLanguage":"fr-FR","potentialAction":[{"@type":"ReadAction","target":["https:\/\/agenceeuristica.com\/index.php\/mentions-legales\/"]}]},{"@type":"BreadcrumbList","@id":"https:\/\/agenceeuristica.com\/index.php\/mentions-legales\/#breadcrumb","itemListElement":[{"@type":"ListItem","position":1,"name":"Accueil","item":"https:\/\/agenceeuristica.com\/"},{"@type":"ListItem","position":2,"name":"Mentions l\u00e9gales"}]},{"@type":"WebSite","@id":"https:\/\/agenceeuristica.com\/#website","url":"https:\/\/agenceeuristica.com\/","name":"Euristica by Ligne \u00e0 Suivre","description":"","publisher":{"@id":"https:\/\/agenceeuristica.com\/#organization"},"potentialAction":[{"@type":"SearchAction","target":{"@type":"EntryPoint","urlTemplate":"https:\/\/agenceeuristica.com\/?s={search_term_string}"},"query-input":{"@type":"PropertyValueSpecification","valueRequired":true,"valueName":"search_term_string"}}],"inLanguage":"fr-FR"},{"@type":"Organization","@id":"https:\/\/agenceeuristica.com\/#organization","name":"Euristica by Ligne \u00e0 Suivre","url":"https:\/\/agenceeuristica.com\/","logo":{"@type":"ImageObject","inLanguage":"fr-FR","@id":"https:\/\/agenceeuristica.com\/#\/schema\/logo\/image\/","url":"https:\/\/agenceeuristica.com\/wp-content\/uploads\/2026\/01\/cropped-cropped-cropped-logo-lasFichier-1.png","contentUrl":"https:\/\/agenceeuristica.com\/wp-content\/uploads\/2026\/01\/cropped-cropped-cropped-logo-lasFichier-1.png","width":512,"height":512,"caption":"Euristica by Ligne \u00e0 Suivre"},"image":{"@id":"https:\/\/agenceeuristica.com\/#\/schema\/logo\/image\/"}}]}},"_links":{"self":[{"href":"https:\/\/agenceeuristica.com\/index.php\/wp-json\/wp\/v2\/pages\/419","targetHints":{"allow":["GET"]}}],"collection":[{"href":"https:\/\/agenceeuristica.com\/index.php\/wp-json\/wp\/v2\/pages"}],"about":[{"href":"https:\/\/agenceeuristica.com\/index.php\/wp-json\/wp\/v2\/types\/page"}],"author":[{"embeddable":true,"href":"https:\/\/agenceeuristica.com\/index.php\/wp-json\/wp\/v2\/users\/1"}],"replies":[{"embeddable":true,"href":"https:\/\/agenceeuristica.com\/index.php\/wp-json\/wp\/v2\/comments?post=419"}],"version-history":[{"count":4,"href":"https:\/\/agenceeuristica.com\/index.php\/wp-json\/wp\/v2\/pages\/419\/revisions"}],"predecessor-version":[{"id":426,"href":"https:\/\/agenceeuristica.com\/index.php\/wp-json\/wp\/v2\/pages\/419\/revisions\/426"}],"wp:attachment":[{"href":"https:\/\/agenceeuristica.com\/index.php\/wp-json\/wp\/v2\/media?parent=419"}],"curies":[{"name":"wp","href":"https:\/\/api.w.org\/{rel}","templated":true}]}}